{"id":7,"date":"2023-09-27T20:40:35","date_gmt":"2023-09-27T18:40:35","guid":{"rendered":"https:\/\/todomaderasnea.com\/?page_id=7"},"modified":"2023-09-27T23:07:59","modified_gmt":"2023-09-27T21:07:59","slug":"home","status":"publish","type":"page","link":"https:\/\/todomaderasnea.com\/","title":{"rendered":"Home"},"content":{"rendered":"\t\t<div data-elementor-type=\"wp-post\" data-elementor-id=\"7\" class=\"elementor elementor-7\">\n\t\t\t\t\t\t\t<div class=\"elementor-element elementor-element-f95fd0c animated-slow e-flex e-con-boxed elementor-invisible e-con e-parent\" data-id=\"f95fd0c\" data-element_type=\"container\" data-settings=\"{&quot;background_background&quot;:&quot;classic&quot;,&quot;animation&quot;:&quot;pulse&quot;,&quot;content_width&quot;:&quot;boxed&quot;}\" data-core-v316-plus=\"true\">\n\t\t\t\t\t<div class=\"e-con-inner\">\n\t\t\t\t<div class=\"elementor-element elementor-element-147de9a elementor-invisible elementor-widget elementor-widget-heading\" data-id=\"147de9a\" data-element_type=\"widget\" data-settings=\"{&quot;_animation&quot;:&quot;slideInUp&quot;}\" data-widget_type=\"heading.default\">\n\t\t\t\t<div class=\"elementor-widget-container\">\n\t\t\t<style>\/*! elementor - v3.16.0 - 20-09-2023 *\/\n.elementor-heading-title{padding:0;margin:0;line-height:1}.elementor-widget-heading .elementor-heading-title[class*=elementor-size-]>a{color:inherit;font-size:inherit;line-height:inherit}.elementor-widget-heading .elementor-heading-title.elementor-size-small{font-size:15px}.elementor-widget-heading .elementor-heading-title.elementor-size-medium{font-size:19px}.elementor-widget-heading .elementor-heading-title.elementor-size-large{font-size:29px}.elementor-widget-heading .elementor-heading-title.elementor-size-xl{font-size:39px}.elementor-widget-heading .elementor-heading-title.elementor-size-xxl{font-size:59px}<\/style><h1 class=\"elementor-heading-title elementor-size-default\">40 a\u00f1os en soluciones para obra<br>\nventas por mayor y menor<\/h1>\t\t<\/div>\n\t\t\t\t<\/div>\n\t\t\t\t\t<\/div>\n\t\t\t\t<\/div>\n\t\t<div class=\"elementor-element elementor-element-c6041d3 e-flex e-con-boxed e-con e-parent\" data-id=\"c6041d3\" data-element_type=\"container\" data-settings=\"{&quot;background_background&quot;:&quot;classic&quot;,&quot;content_width&quot;:&quot;boxed&quot;}\" data-core-v316-plus=\"true\">\n\t\t\t\t\t<div class=\"e-con-inner\">\n\t\t<div class=\"elementor-element elementor-element-464d69a e-con-full e-flex elementor-invisible e-con e-child\" data-id=\"464d69a\" data-element_type=\"container\" data-settings=\"{&quot;content_width&quot;:&quot;full&quot;,&quot;background_background&quot;:&quot;classic&quot;,&quot;animation&quot;:&quot;slideInUp&quot;}\">\n\t\t\t\t<div class=\"elementor-element elementor-element-40b1eb8 elementor-widget elementor-widget-image\" data-id=\"40b1eb8\" data-element_type=\"widget\" data-widget_type=\"image.default\">\n\t\t\t\t<div class=\"elementor-widget-container\">\n\t\t\t<style>\/*! elementor - v3.16.0 - 20-09-2023 *\/\n.elementor-widget-image{text-align:center}.elementor-widget-image a{display:inline-block}.elementor-widget-image a img[src$=\".svg\"]{width:48px}.elementor-widget-image img{vertical-align:middle;display:inline-block}<\/style>\t\t\t\t\t\t\t\t\t\t\t\t<img decoding=\"async\" loading=\"lazy\" width=\"512\" height=\"512\" src=\"https:\/\/todomaderasnea.com\/wp-content\/uploads\/2023\/09\/1.png\" class=\"attachment-full size-full wp-image-18\" alt=\"\" srcset=\"https:\/\/todomaderasnea.com\/wp-content\/uploads\/2023\/09\/1.png 512w, https:\/\/todomaderasnea.com\/wp-content\/uploads\/2023\/09\/1-300x300.png 300w, https:\/\/todomaderasnea.com\/wp-content\/uploads\/2023\/09\/1-150x150.png 150w\" sizes=\"(max-width: 512px) 100vw, 512px\" \/>\t\t\t\t\t\t\t\t\t\t\t\t\t\t\t<\/div>\n\t\t\t\t<\/div>\n\t\t\t\t<div class=\"elementor-element elementor-element-3e771c7 elementor-widget elementor-widget-heading\" data-id=\"3e771c7\" data-element_type=\"widget\" data-widget_type=\"heading.default\">\n\t\t\t\t<div class=\"elementor-widget-container\">\n\t\t\t<h5 class=\"elementor-heading-title elementor-size-default\">Tableros Fenolicos<\/h5>\t\t<\/div>\n\t\t\t\t<\/div>\n\t\t\t\t<\/div>\n\t\t<div class=\"elementor-element elementor-element-7ef48e0 e-con-full e-flex elementor-invisible e-con e-child\" data-id=\"7ef48e0\" data-element_type=\"container\" data-settings=\"{&quot;content_width&quot;:&quot;full&quot;,&quot;background_background&quot;:&quot;classic&quot;,&quot;animation&quot;:&quot;slideInUp&quot;}\">\n\t\t\t\t<div class=\"elementor-element elementor-element-8264338 elementor-widget elementor-widget-image\" data-id=\"8264338\" data-element_type=\"widget\" data-widget_type=\"image.default\">\n\t\t\t\t<div class=\"elementor-widget-container\">\n\t\t\t\t\t\t\t\t\t\t\t\t\t\t\t<img decoding=\"async\" loading=\"lazy\" width=\"512\" height=\"512\" src=\"https:\/\/todomaderasnea.com\/wp-content\/uploads\/2023\/09\/2.png\" class=\"attachment-full size-full wp-image-11\" alt=\"\" srcset=\"https:\/\/todomaderasnea.com\/wp-content\/uploads\/2023\/09\/2.png 512w, https:\/\/todomaderasnea.com\/wp-content\/uploads\/2023\/09\/2-300x300.png 300w, https:\/\/todomaderasnea.com\/wp-content\/uploads\/2023\/09\/2-150x150.png 150w\" sizes=\"(max-width: 512px) 100vw, 512px\" \/>\t\t\t\t\t\t\t\t\t\t\t\t\t\t\t<\/div>\n\t\t\t\t<\/div>\n\t\t\t\t<div class=\"elementor-element elementor-element-035ab9f elementor-widget elementor-widget-heading\" data-id=\"035ab9f\" data-element_type=\"widget\" data-widget_type=\"heading.default\">\n\t\t\t\t<div class=\"elementor-widget-container\">\n\t\t\t<h5 class=\"elementor-heading-title elementor-size-default\">Maderas para obras<\/h5>\t\t<\/div>\n\t\t\t\t<\/div>\n\t\t\t\t<\/div>\n\t\t<div class=\"elementor-element elementor-element-0d395f1 e-con-full e-flex elementor-invisible e-con e-child\" data-id=\"0d395f1\" data-element_type=\"container\" data-settings=\"{&quot;content_width&quot;:&quot;full&quot;,&quot;background_background&quot;:&quot;classic&quot;,&quot;animation&quot;:&quot;slideInUp&quot;}\">\n\t\t\t\t<div class=\"elementor-element elementor-element-464d909 elementor-widget elementor-widget-image\" data-id=\"464d909\" data-element_type=\"widget\" data-widget_type=\"image.default\">\n\t\t\t\t<div class=\"elementor-widget-container\">\n\t\t\t\t\t\t\t\t\t\t\t\t\t\t\t<img decoding=\"async\" loading=\"lazy\" width=\"512\" height=\"512\" src=\"https:\/\/todomaderasnea.com\/wp-content\/uploads\/2023\/09\/3.png\" class=\"attachment-full size-full wp-image-17\" alt=\"\" srcset=\"https:\/\/todomaderasnea.com\/wp-content\/uploads\/2023\/09\/3.png 512w, https:\/\/todomaderasnea.com\/wp-content\/uploads\/2023\/09\/3-300x300.png 300w, https:\/\/todomaderasnea.com\/wp-content\/uploads\/2023\/09\/3-150x150.png 150w\" sizes=\"(max-width: 512px) 100vw, 512px\" \/>\t\t\t\t\t\t\t\t\t\t\t\t\t\t\t<\/div>\n\t\t\t\t<\/div>\n\t\t\t\t<div class=\"elementor-element elementor-element-7953346 elementor-widget elementor-widget-heading\" data-id=\"7953346\" data-element_type=\"widget\" data-widget_type=\"heading.default\">\n\t\t\t\t<div class=\"elementor-widget-container\">\n\t\t\t<h5 class=\"elementor-heading-title elementor-size-default\">Puertas placas y Artesanales<\/h5>\t\t<\/div>\n\t\t\t\t<\/div>\n\t\t\t\t<\/div>\n\t\t<div class=\"elementor-element elementor-element-e9d2aba e-con-full e-flex elementor-invisible e-con e-child\" data-id=\"e9d2aba\" data-element_type=\"container\" data-settings=\"{&quot;content_width&quot;:&quot;full&quot;,&quot;background_background&quot;:&quot;classic&quot;,&quot;animation&quot;:&quot;slideInUp&quot;}\">\n\t\t\t\t<div class=\"elementor-element elementor-element-dd5de09 elementor-widget elementor-widget-image\" data-id=\"dd5de09\" data-element_type=\"widget\" data-widget_type=\"image.default\">\n\t\t\t\t<div class=\"elementor-widget-container\">\n\t\t\t\t\t\t\t\t\t\t\t\t\t\t\t<img decoding=\"async\" loading=\"lazy\" width=\"512\" height=\"512\" src=\"https:\/\/todomaderasnea.com\/wp-content\/uploads\/2023\/09\/4.png\" class=\"attachment-full size-full wp-image-16\" alt=\"\" srcset=\"https:\/\/todomaderasnea.com\/wp-content\/uploads\/2023\/09\/4.png 512w, https:\/\/todomaderasnea.com\/wp-content\/uploads\/2023\/09\/4-300x300.png 300w, https:\/\/todomaderasnea.com\/wp-content\/uploads\/2023\/09\/4-150x150.png 150w\" sizes=\"(max-width: 512px) 100vw, 512px\" \/>\t\t\t\t\t\t\t\t\t\t\t\t\t\t\t<\/div>\n\t\t\t\t<\/div>\n\t\t\t\t<div class=\"elementor-element elementor-element-b590db0 elementor-widget elementor-widget-heading\" data-id=\"b590db0\" data-element_type=\"widget\" data-widget_type=\"heading.default\">\n\t\t\t\t<div class=\"elementor-widget-container\">\n\t\t\t<h5 class=\"elementor-heading-title elementor-size-default\">Pergolas, Decks, Mueles<\/h5>\t\t<\/div>\n\t\t\t\t<\/div>\n\t\t\t\t<\/div>\n\t\t<div class=\"elementor-element elementor-element-cb401d4 e-con-full e-flex elementor-invisible e-con e-child\" data-id=\"cb401d4\" data-element_type=\"container\" data-settings=\"{&quot;content_width&quot;:&quot;full&quot;,&quot;background_background&quot;:&quot;classic&quot;,&quot;animation&quot;:&quot;slideInUp&quot;}\">\n\t\t\t\t<div class=\"elementor-element elementor-element-bc9da58 elementor-widget elementor-widget-image\" data-id=\"bc9da58\" data-element_type=\"widget\" data-widget_type=\"image.default\">\n\t\t\t\t<div class=\"elementor-widget-container\">\n\t\t\t\t\t\t\t\t\t\t\t\t\t\t\t<img decoding=\"async\" loading=\"lazy\" width=\"512\" height=\"512\" src=\"https:\/\/todomaderasnea.com\/wp-content\/uploads\/2023\/09\/4.png\" class=\"attachment-full size-full wp-image-16\" alt=\"\" srcset=\"https:\/\/todomaderasnea.com\/wp-content\/uploads\/2023\/09\/4.png 512w, https:\/\/todomaderasnea.com\/wp-content\/uploads\/2023\/09\/4-300x300.png 300w, https:\/\/todomaderasnea.com\/wp-content\/uploads\/2023\/09\/4-150x150.png 150w\" sizes=\"(max-width: 512px) 100vw, 512px\" \/>\t\t\t\t\t\t\t\t\t\t\t\t\t\t\t<\/div>\n\t\t\t\t<\/div>\n\t\t\t\t<div class=\"elementor-element elementor-element-e55f792 elementor-widget elementor-widget-heading\" data-id=\"e55f792\" data-element_type=\"widget\" data-widget_type=\"heading.default\">\n\t\t\t\t<div class=\"elementor-widget-container\">\n\t\t\t<h5 class=\"elementor-heading-title elementor-size-default\"><br>\nPuntales<\/h5>\t\t<\/div>\n\t\t\t\t<\/div>\n\t\t\t\t<\/div>\n\t\t<div class=\"elementor-element elementor-element-9f67678 e-con-full e-flex elementor-invisible e-con e-child\" data-id=\"9f67678\" data-element_type=\"container\" data-settings=\"{&quot;content_width&quot;:&quot;full&quot;,&quot;background_background&quot;:&quot;classic&quot;,&quot;animation&quot;:&quot;slideInUp&quot;}\">\n\t\t\t\t<div class=\"elementor-element elementor-element-523a865 elementor-widget elementor-widget-image\" data-id=\"523a865\" data-element_type=\"widget\" data-widget_type=\"image.default\">\n\t\t\t\t<div class=\"elementor-widget-container\">\n\t\t\t\t\t\t\t\t\t\t\t\t\t\t\t<img decoding=\"async\" loading=\"lazy\" width=\"512\" height=\"512\" src=\"https:\/\/todomaderasnea.com\/wp-content\/uploads\/2023\/09\/6.png\" class=\"attachment-full size-full wp-image-13\" alt=\"\" srcset=\"https:\/\/todomaderasnea.com\/wp-content\/uploads\/2023\/09\/6.png 512w, https:\/\/todomaderasnea.com\/wp-content\/uploads\/2023\/09\/6-300x300.png 300w, https:\/\/todomaderasnea.com\/wp-content\/uploads\/2023\/09\/6-150x150.png 150w\" sizes=\"(max-width: 512px) 100vw, 512px\" \/>\t\t\t\t\t\t\t\t\t\t\t\t\t\t\t<\/div>\n\t\t\t\t<\/div>\n\t\t\t\t<div class=\"elementor-element elementor-element-e00ebc5 elementor-widget elementor-widget-heading\" data-id=\"e00ebc5\" data-element_type=\"widget\" data-widget_type=\"heading.default\">\n\t\t\t\t<div class=\"elementor-widget-container\">\n\t\t\t<h5 class=\"elementor-heading-title elementor-size-default\">Escaleras y Mesadas<\/h5>\t\t<\/div>\n\t\t\t\t<\/div>\n\t\t\t\t<\/div>\n\t\t<div class=\"elementor-element elementor-element-8ee5207 e-con-full e-flex elementor-invisible e-con e-child\" data-id=\"8ee5207\" data-element_type=\"container\" data-settings=\"{&quot;content_width&quot;:&quot;full&quot;,&quot;background_background&quot;:&quot;classic&quot;,&quot;animation&quot;:&quot;slideInUp&quot;}\">\n\t\t\t\t<div class=\"elementor-element elementor-element-488eaa4 elementor-widget elementor-widget-image\" data-id=\"488eaa4\" data-element_type=\"widget\" data-widget_type=\"image.default\">\n\t\t\t\t<div class=\"elementor-widget-container\">\n\t\t\t\t\t\t\t\t\t\t\t\t\t\t\t<img decoding=\"async\" loading=\"lazy\" width=\"512\" height=\"512\" src=\"https:\/\/todomaderasnea.com\/wp-content\/uploads\/2023\/09\/7.png\" class=\"attachment-full size-full wp-image-14\" alt=\"\" srcset=\"https:\/\/todomaderasnea.com\/wp-content\/uploads\/2023\/09\/7.png 512w, https:\/\/todomaderasnea.com\/wp-content\/uploads\/2023\/09\/7-300x300.png 300w, https:\/\/todomaderasnea.com\/wp-content\/uploads\/2023\/09\/7-150x150.png 150w\" sizes=\"(max-width: 512px) 100vw, 512px\" \/>\t\t\t\t\t\t\t\t\t\t\t\t\t\t\t<\/div>\n\t\t\t\t<\/div>\n\t\t\t\t<div class=\"elementor-element elementor-element-8844ba9 elementor-widget elementor-widget-heading\" data-id=\"8844ba9\" data-element_type=\"widget\" data-widget_type=\"heading.default\">\n\t\t\t\t<div class=\"elementor-widget-container\">\n\t\t\t<h5 class=\"elementor-heading-title elementor-size-default\"><br>\nTableros<\/h5>\t\t<\/div>\n\t\t\t\t<\/div>\n\t\t\t\t<\/div>\n\t\t<div class=\"elementor-element elementor-element-8ec8d09 e-con-full e-flex elementor-invisible e-con e-child\" data-id=\"8ec8d09\" data-element_type=\"container\" data-settings=\"{&quot;content_width&quot;:&quot;full&quot;,&quot;background_background&quot;:&quot;classic&quot;,&quot;animation&quot;:&quot;slideInUp&quot;}\">\n\t\t\t\t<div class=\"elementor-element elementor-element-c4a2598 elementor-widget elementor-widget-image\" data-id=\"c4a2598\" data-element_type=\"widget\" data-widget_type=\"image.default\">\n\t\t\t\t<div class=\"elementor-widget-container\">\n\t\t\t\t\t\t\t\t\t\t\t\t\t\t\t<img decoding=\"async\" loading=\"lazy\" width=\"512\" height=\"512\" src=\"https:\/\/todomaderasnea.com\/wp-content\/uploads\/2023\/09\/8.png\" class=\"attachment-full size-full wp-image-15\" alt=\"\" srcset=\"https:\/\/todomaderasnea.com\/wp-content\/uploads\/2023\/09\/8.png 512w, https:\/\/todomaderasnea.com\/wp-content\/uploads\/2023\/09\/8-300x300.png 300w, https:\/\/todomaderasnea.com\/wp-content\/uploads\/2023\/09\/8-150x150.png 150w\" sizes=\"(max-width: 512px) 100vw, 512px\" \/>\t\t\t\t\t\t\t\t\t\t\t\t\t\t\t<\/div>\n\t\t\t\t<\/div>\n\t\t\t\t<div class=\"elementor-element elementor-element-2dd770c elementor-widget elementor-widget-heading\" data-id=\"2dd770c\" data-element_type=\"widget\" data-widget_type=\"heading.default\">\n\t\t\t\t<div class=\"elementor-widget-container\">\n\t\t\t<h5 class=\"elementor-heading-title elementor-size-default\">Molduras y accesorios<\/h5>\t\t<\/div>\n\t\t\t\t<\/div>\n\t\t\t\t<\/div>\n\t\t\t\t\t<\/div>\n\t\t\t\t<\/div>\n\t\t<div class=\"elementor-element elementor-element-ad5019f e-flex e-con-boxed e-con e-parent\" data-id=\"ad5019f\" data-element_type=\"container\" data-settings=\"{&quot;background_background&quot;:&quot;classic&quot;,&quot;content_width&quot;:&quot;boxed&quot;}\" data-core-v316-plus=\"true\">\n\t\t\t\t\t<div class=\"e-con-inner\">\n\t\t<div class=\"elementor-element elementor-element-afbfbf4 e-con-full e-flex elementor-invisible e-con e-child\" data-id=\"afbfbf4\" data-element_type=\"container\" data-settings=\"{&quot;content_width&quot;:&quot;full&quot;,&quot;background_background&quot;:&quot;classic&quot;,&quot;animation&quot;:&quot;fadeInLeft&quot;}\">\n\t\t\t\t<div class=\"elementor-element elementor-element-58250f1 elementor-widget elementor-widget-image\" data-id=\"58250f1\" data-element_type=\"widget\" data-widget_type=\"image.default\">\n\t\t\t\t<div class=\"elementor-widget-container\">\n\t\t\t\t\t\t\t\t\t\t\t\t\t\t\t<img decoding=\"async\" loading=\"lazy\" width=\"1202\" height=\"1202\" src=\"https:\/\/todomaderasnea.com\/wp-content\/uploads\/2023\/09\/img.jpg\" class=\"attachment-full size-full wp-image-23\" alt=\"\" srcset=\"https:\/\/todomaderasnea.com\/wp-content\/uploads\/2023\/09\/img.jpg 1202w, https:\/\/todomaderasnea.com\/wp-content\/uploads\/2023\/09\/img-300x300.jpg 300w, https:\/\/todomaderasnea.com\/wp-content\/uploads\/2023\/09\/img-1024x1024.jpg 1024w, https:\/\/todomaderasnea.com\/wp-content\/uploads\/2023\/09\/img-150x150.jpg 150w, https:\/\/todomaderasnea.com\/wp-content\/uploads\/2023\/09\/img-768x768.jpg 768w, https:\/\/todomaderasnea.com\/wp-content\/uploads\/2023\/09\/elementor\/thumbs\/img-qd1hu7xf3fokd2xpey261t1ky9b3kyx02m9kftzqhc.jpg 200w\" sizes=\"(max-width: 1202px) 100vw, 1202px\" \/>\t\t\t\t\t\t\t\t\t\t\t\t\t\t\t<\/div>\n\t\t\t\t<\/div>\n\t\t\t\t<\/div>\n\t\t<div class=\"elementor-element elementor-element-ab14ddd e-con-full e-flex elementor-invisible e-con e-child\" data-id=\"ab14ddd\" data-element_type=\"container\" data-settings=\"{&quot;content_width&quot;:&quot;full&quot;,&quot;background_background&quot;:&quot;classic&quot;,&quot;animation&quot;:&quot;fadeInRight&quot;}\">\n\t\t\t\t<div class=\"elementor-element elementor-element-a308a13 elementor-widget elementor-widget-text-editor\" data-id=\"a308a13\" data-element_type=\"widget\" data-widget_type=\"text-editor.default\">\n\t\t\t\t<div class=\"elementor-widget-container\">\n\t\t\t<style>\/*! elementor - v3.16.0 - 20-09-2023 *\/\n.elementor-widget-text-editor.elementor-drop-cap-view-stacked .elementor-drop-cap{background-color:#69727d;color:#fff}.elementor-widget-text-editor.elementor-drop-cap-view-framed .elementor-drop-cap{color:#69727d;border:3px solid;background-color:transparent}.elementor-widget-text-editor:not(.elementor-drop-cap-view-default) .elementor-drop-cap{margin-top:8px}.elementor-widget-text-editor:not(.elementor-drop-cap-view-default) .elementor-drop-cap-letter{width:1em;height:1em}.elementor-widget-text-editor .elementor-drop-cap{float:left;text-align:center;line-height:1;font-size:50px}.elementor-widget-text-editor .elementor-drop-cap-letter{display:inline-block}<\/style>\t\t\t\t<p>TodoMaderas es una empresa mayorista con m\u00e1s de 40 a\u00f1os de experiencia en el suministro de productos de madera para la construcci\u00f3n. Nuestro amplio stock y experiencia nos han convertido en un socio confiable para empresas de todos los tama\u00f1os.<\/p><p>Ofrecemos una amplia gama de productos, incluyendo puertas placas, maderas para obras, fen\u00f3licos, tirantes y m\u00e1s. Nuestro enfoque est\u00e1 en brindar soluciones r\u00e1pidas y eficientes para satisfacer las necesidades de cada obra.<\/p><p>Como mayoristas, podemos ofrecer precios competitivos y descuentos atractivos. Estamos comprometidos en proporcionar un servicio excepcional y productos de calidad, asegurando una provisi\u00f3n constante para cualquier tipo de proyecto.<\/p><p>Conf\u00eda en TodoMaderas como tu proveedor confiable en el suministro de materiales de madera para la construcci\u00f3n. \u00a1Cont\u00e1ctanos hoy mismo y descubre c\u00f3mo podemos ayudarte a lograr el \u00e9xito en tus obras con calidad y eficiencia!<\/p>\t\t\t\t\t\t<\/div>\n\t\t\t\t<\/div>\n\t\t\t\t<\/div>\n\t\t\t\t\t<\/div>\n\t\t\t\t<\/div>\n\t\t<div class=\"elementor-element elementor-element-bbe8664 e-flex e-con-boxed e-con e-parent\" data-id=\"bbe8664\" data-element_type=\"container\" data-settings=\"{&quot;background_background&quot;:&quot;classic&quot;,&quot;content_width&quot;:&quot;boxed&quot;}\" data-core-v316-plus=\"true\">\n\t\t\t\t\t<div class=\"e-con-inner\">\n\t\t\t\t<div class=\"elementor-element elementor-element-f17631c elementor-invisible elementor-widget elementor-widget-heading\" data-id=\"f17631c\" data-element_type=\"widget\" data-settings=\"{&quot;_animation&quot;:&quot;zoomIn&quot;}\" data-widget_type=\"heading.default\">\n\t\t\t\t<div class=\"elementor-widget-container\">\n\t\t\t<h2 class=\"elementor-heading-title elementor-size-default\">ENCONTR\u00c1 LO QUE NECESITAS PARA TU PROYECTO<\/h2>\t\t<\/div>\n\t\t\t\t<\/div>\n\t\t\t\t<div class=\"elementor-element elementor-element-0f5bd6f elementor-widget elementor-widget-spacer\" data-id=\"0f5bd6f\" data-element_type=\"widget\" data-widget_type=\"spacer.default\">\n\t\t\t\t<div class=\"elementor-widget-container\">\n\t\t\t<style>\/*! elementor - v3.16.0 - 20-09-2023 *\/\n.elementor-column .elementor-spacer-inner{height:var(--spacer-size)}.e-con{--container-widget-width:100%}.e-con-inner>.elementor-widget-spacer,.e-con>.elementor-widget-spacer{width:var(--container-widget-width,var(--spacer-size));--align-self:var(--container-widget-align-self,initial);--flex-shrink:0}.e-con-inner>.elementor-widget-spacer>.elementor-widget-container,.e-con>.elementor-widget-spacer>.elementor-widget-container{height:100%;width:100%}.e-con-inner>.elementor-widget-spacer>.elementor-widget-container>.elementor-spacer,.e-con>.elementor-widget-spacer>.elementor-widget-container>.elementor-spacer{height:100%}.e-con-inner>.elementor-widget-spacer>.elementor-widget-container>.elementor-spacer>.elementor-spacer-inner,.e-con>.elementor-widget-spacer>.elementor-widget-container>.elementor-spacer>.elementor-spacer-inner{height:var(--container-widget-height,var(--spacer-size))}.e-con-inner>.elementor-widget-spacer.elementor-widget-empty,.e-con>.elementor-widget-spacer.elementor-widget-empty{position:relative;min-height:22px;min-width:22px}.e-con-inner>.elementor-widget-spacer.elementor-widget-empty .elementor-widget-empty-icon,.e-con>.elementor-widget-spacer.elementor-widget-empty .elementor-widget-empty-icon{position:absolute;top:0;bottom:0;left:0;right:0;margin:auto;padding:0;width:22px;height:22px}<\/style>\t\t<div class=\"elementor-spacer\">\n\t\t\t<div class=\"elementor-spacer-inner\"><\/div>\n\t\t<\/div>\n\t\t\t\t<\/div>\n\t\t\t\t<\/div>\n\t\t\t\t<div class=\"elementor-element elementor-element-88d4385 elementor-invisible elementor-widget elementor-widget-button\" data-id=\"88d4385\" data-element_type=\"widget\" data-settings=\"{&quot;_animation&quot;:&quot;zoomIn&quot;}\" data-widget_type=\"button.default\">\n\t\t\t\t<div class=\"elementor-widget-container\">\n\t\t\t\t\t<div class=\"elementor-button-wrapper\">\n\t\t\t<a class=\"elementor-button elementor-button-link elementor-size-lg\" href=\"#\">\n\t\t\t\t\t\t<span class=\"elementor-button-content-wrapper\">\n\t\t\t\t\t\t<span class=\"elementor-button-text\">CONTACTANOS<\/span>\n\t\t<\/span>\n\t\t\t\t\t<\/a>\n\t\t<\/div>\n\t\t\t\t<\/div>\n\t\t\t\t<\/div>\n\t\t\t\t\t<\/div>\n\t\t\t\t<\/div>\n\t\t\t\t\t\t\t<\/div>\n\t\t","protected":false},"excerpt":{"rendered":"<p>40 a\u00f1os en soluciones para obra ventas por mayor y menor Tableros Fenolicos Maderas para obras Puertas placas y Artesanales Pergolas, Decks, Mueles Puntales Escaleras y Mesadas Tableros Molduras y accesorios TodoMaderas es una empresa mayorista con m\u00e1s de 40 a\u00f1os de experiencia en el suministro de productos de madera para la construcci\u00f3n. Nuestro amplio [&hellip;]<\/p>\n","protected":false},"author":1,"featured_media":0,"parent":0,"menu_order":0,"comment_status":"closed","ping_status":"closed","template":"","meta":{"footnotes":""},"_links":{"self":[{"href":"https:\/\/todomaderasnea.com\/index.php\/wp-json\/wp\/v2\/pages\/7"}],"collection":[{"href":"https:\/\/todomaderasnea.com\/index.php\/wp-json\/wp\/v2\/pages"}],"about":[{"href":"https:\/\/todomaderasnea.com\/index.php\/wp-json\/wp\/v2\/types\/page"}],"author":[{"embeddable":true,"href":"https:\/\/todomaderasnea.com\/index.php\/wp-json\/wp\/v2\/users\/1"}],"replies":[{"embeddable":true,"href":"https:\/\/todomaderasnea.com\/index.php\/wp-json\/wp\/v2\/comments?post=7"}],"version-history":[{"count":32,"href":"https:\/\/todomaderasnea.com\/index.php\/wp-json\/wp\/v2\/pages\/7\/revisions"}],"predecessor-version":[{"id":71,"href":"https:\/\/todomaderasnea.com\/index.php\/wp-json\/wp\/v2\/pages\/7\/revisions\/71"}],"wp:attachment":[{"href":"https:\/\/todomaderasnea.com\/index.php\/wp-json\/wp\/v2\/media?parent=7"}],"curies":[{"name":"wp","href":"https:\/\/api.w.org\/{rel}","templated":true}]}}